{"id":39,"date":"2021-02-16T16:45:54","date_gmt":"2021-02-16T15:45:54","guid":{"rendered":"http:\/\/bueker-consulting.com\/de\/?page_id=39"},"modified":"2022-01-14T09:27:28","modified_gmt":"2022-01-14T08:27:28","slug":"impressum","status":"publish","type":"page","link":"https:\/\/bueker-consulting.com\/de\/impressum\/","title":{"rendered":"Impressum"},"content":{"rendered":"<p><strong>Inhaltlich Verantwortlicher gem\u00e4\u00df \u00a75 TMG und nach<\/strong>\u00a0<strong>\u00a7 55 Abs. 2 RStV:<\/strong><\/p>\r\n<!-- \/wp:paragraph -->\r\n\r\n<!-- wp:paragraph -->\r\n<p>Dr. Ulrich B\u00fcker <br \/>Hirtenweg 20 <br \/>33161 H\u00f6velhof <br \/>Tel: +49 178 1075601 <br \/>email: <a href=\"mailto:info@bueker-consulting.com\">info@bueker-consulting.com<\/a><\/p>\r\n<p>USt-IdNr.: DE345762105<\/p>\r\n<!-- \/wp:paragraph -->\r\n\r\n<!-- wp:paragraph -->\r\n<p><strong>Alternative Streitbeilegung gem\u00e4\u00df Art. 14 Abs. 1 ODR-VO und \u00a7 36 VSBG:<\/strong><\/p>\r\n<!-- \/wp:paragraph -->\r\n\r\n<!-- wp:paragraph -->\r\n<p>Die Europ\u00e4ische Kommission stellt eine Plattform zur Online-Streitbeilegung (OS) bereit, die Sie unter\u00a0<a href=\"https:\/\/ec.europa.eu\/consumers\/odr\" target=\"_blank\" rel=\"noreferrer noopener\">https:\/\/ec.europa.eu\/consumers\/odr<\/a>\u00a0finden. Zur Teilnahme an einem Streitbeilegungsverfahren vor einer Verbraucherschlichtungsstelle sind wir nicht verpflichtet und nicht bereit.<\/p>","protected":false},"excerpt":{"rendered":"<p>Inhaltlich Verantwortlicher gem\u00e4\u00df \u00a75 TMG und nach\u00a0\u00a7 55 Abs. 2 RStV: Dr. Ulrich B\u00fcker Hirtenweg 20 33161 H\u00f6velhof Tel: +49 178 1075601 email: info@bueker-consulting.com USt-IdNr.: DE345762105 Alternative Streitbeilegung gem\u00e4\u00df Art. 14 Abs. 1 ODR-VO und \u00a7 36 VSBG: Die Europ\u00e4ische Kommission stellt eine Plattform zur Online-Streitbeilegung (OS) bereit, die Sie unter\u00a0https:\/\/ec.europa.eu\/consumers\/odr\u00a0finden. Zur Teilnahme an einem<br \/><a class=\"btn btn-theme post-btn\" href=\"https:\/\/bueker-consulting.com\/de\/impressum\/\">Weiterlesen<\/a><\/p>\n","protected":false},"author":1,"featured_media":0,"parent":0,"menu_order":0,"comment_status":"closed","ping_status":"closed","template":"","meta":[],"_links":{"self":[{"href":"https:\/\/bueker-consulting.com\/de\/wp-json\/wp\/v2\/pages\/39"}],"collection":[{"href":"https:\/\/bueker-consulting.com\/de\/wp-json\/wp\/v2\/pages"}],"about":[{"href":"https:\/\/bueker-consulting.com\/de\/wp-json\/wp\/v2\/types\/page"}],"author":[{"embeddable":true,"href":"https:\/\/bueker-consulting.com\/de\/wp-json\/wp\/v2\/users\/1"}],"replies":[{"embeddable":true,"href":"https:\/\/bueker-consulting.com\/de\/wp-json\/wp\/v2\/comments?post=39"}],"version-history":[{"count":6,"href":"https:\/\/bueker-consulting.com\/de\/wp-json\/wp\/v2\/pages\/39\/revisions"}],"predecessor-version":[{"id":184,"href":"https:\/\/bueker-consulting.com\/de\/wp-json\/wp\/v2\/pages\/39\/revisions\/184"}],"wp:attachment":[{"href":"https:\/\/bueker-consulting.com\/de\/wp-json\/wp\/v2\/media?parent=39"}],"curies":[{"name":"wp","href":"https:\/\/api.w.org\/{rel}","templated":true}]}}