{"id":6,"date":"2021-02-16T15:56:53","date_gmt":"2021-02-16T14:56:53","guid":{"rendered":"http:\/\/bueker-consulting.com\/de\/?page_id=6"},"modified":"2021-12-06T14:51:36","modified_gmt":"2021-12-06T13:51:36","slug":"technologien-innovationen-produkte","status":"publish","type":"page","link":"https:\/\/bueker-consulting.com\/de\/","title":{"rendered":"Technologien, Innovationen, Bildung"},"content":{"rendered":"\r\n<div class=\"wp-block-columns\">\r\n<div class=\"wp-block-column\">\r\n<h2>Technologien und Funktionen f\u00fcr den Automobilmarkt<\/h2>\r\n\r\n\r\n\r\n<p>\r\nAutonomes Fahren ist einer der bedeutendsten Trends in der Automobilindustrie, der auch viele andere Bereiche im Fahrzeug bis hin zu Mobilit\u00e4tskonzepten ver\u00e4ndern wird. W\u00e4hrend meiner T\u00e4tigkeit in der Automobilindustrie habe ich verschiedene Funktionen f\u00fcr die Fahrerassistenz bis hin zu autonom fahrenden Fahrzeugen mit meinen Teams entwickelt.\r\n<\/p>\r\n\r\n\r\n\r\n<figure class=\"wp-block-image size-medium\"><img loading=\"lazy\" width=\"300\" height=\"200\" class=\"wp-image-144\" src=\"http:\/\/bueker-consulting.com\/de\/wp-content\/uploads\/sites\/2\/2021\/05\/engineer-4941341_1920-300x200.jpg\" alt=\"Technologien, Automobil, autonomes Fahren\" srcset=\"https:\/\/bueker-consulting.com\/de\/wp-content\/uploads\/sites\/2\/2021\/05\/engineer-4941341_1920-300x200.jpg 300w, https:\/\/bueker-consulting.com\/de\/wp-content\/uploads\/sites\/2\/2021\/05\/engineer-4941341_1920-1024x683.jpg 1024w, https:\/\/bueker-consulting.com\/de\/wp-content\/uploads\/sites\/2\/2021\/05\/engineer-4941341_1920-768x512.jpg 768w, https:\/\/bueker-consulting.com\/de\/wp-content\/uploads\/sites\/2\/2021\/05\/engineer-4941341_1920-1536x1025.jpg 1536w, https:\/\/bueker-consulting.com\/de\/wp-content\/uploads\/sites\/2\/2021\/05\/engineer-4941341_1920-24x16.jpg 24w, https:\/\/bueker-consulting.com\/de\/wp-content\/uploads\/sites\/2\/2021\/05\/engineer-4941341_1920-36x24.jpg 36w, https:\/\/bueker-consulting.com\/de\/wp-content\/uploads\/sites\/2\/2021\/05\/engineer-4941341_1920-48x32.jpg 48w, https:\/\/bueker-consulting.com\/de\/wp-content\/uploads\/sites\/2\/2021\/05\/engineer-4941341_1920.jpg 1920w\" sizes=\"(max-width: 300px) 100vw, 300px\" \/><\/figure>\r\n\r\n\r\n\r\n<p>\r\nIch kann Sie und Ihre Teams bei der Entwicklung von Automobiltechnologien speziell im Bereich der Fahrerassistenz und des Autonomen Fahrens mit meiner Erfahrung und meinem Netzwerk in der Industrie unterst\u00fctzen.\r\n<\/p>\r\n<\/div>\r\n\r\n\r\n\r\n<div class=\"wp-block-column\">\r\n<h2><br>Interim <br>Management<\/h2>\r\n\r\n\r\n\r\n<p>\r\nSie haben eine F\u00fchrungsposition zu besetzen und haben aktuell noch keinen passenden Kandidaten oder m\u00fcssen noch eine geraume Zeit \u00fcberbr\u00fccken, bis Ihr Kandidat an Bord kommen kann? Ich kann mit einer Erfahrung aus 20 Jahren Leitung von Teams mit mehr als 100 Mitarbeitern, dem Aufbau von Entwicklungsteams im Ausland und der Umsetzung von komplexen, internationalen Projekten \u00fcbergangsweise Leitungspositionen bei Ihnen \u00fcbernehmen. <\/p>\r\n\r\n\r\n\r\n<figure class=\"wp-block-image size-medium\"><img class=\"wp-image-139\" src=\"https:\/\/bueker-consulting.com\/de\/wp-content\/uploads\/sites\/2\/2021\/12\/leadership-g449905918_1920-300x200.jpg\" alt=\"Leadership\" \/><\/figure>\r\n\r\n\r\n\r\n<p>\r\n<\/p>\r\n<\/div>\r\n<\/div>\r\n\r\n<p>\r\n\r\n<div class=\"wp-block-columns\">\r\n<div class=\"wp-block-column\">\r\n<h2>Business Development<\/h2>\r\n\r\n\r\n\r\n<p>\r\nSie m\u00f6chten Ihr Know-How, Ihre Technologien, Ihre Produkte im Automotive Markt platzieren? Wer sind Ihre potentiellen Kunden? Wer sind die richtigen Ansprechpartner bei den Kunden? Welche Fragen werden Ihre Kunden haben? Wie m\u00fcssen Sie Ihr Unternehmen und Ihr Angebot pr\u00e4sentieren? Ich kann Sie mit meiner umfangreichen Erfahrung aus Sicht eines Kunden beraten und Sie bei den Erstkontakten unterst\u00fctzen.\r\n<\/p>\r\n\r\n\r\n\r\n<figure class=\"wp-block-image size-medium\"><img class=\"wp-image-144\" src=\"https:\/\/bueker-consulting.com\/de\/wp-content\/uploads\/sites\/2\/2021\/12\/arrows-g8055baafa_1920-300x200.jpg\" alt=\"Business Development\" \/><\/figure>\r\n\r\n\r\n\r\n<p>\r\n<\/p>\r\n<\/div>\r\n\r\n\r\n\r\n<div class=\"wp-block-column\">\r\n<h2>Zukunft gestalten<\/h2>\r\n\r\n\r\n\r\n<p>Mit meiner umfangreichen Erfahrung aus Technologie- und Innovationsentwicklung helfe ich Ihnen, f\u00fcr die Weiterentwicklung Ihres Produktportfolios neue Technologien zu identifizieren, zu bewerten und auszuw\u00e4hlen.<\/p>\r\n\r\n\r\n\r\n<figure class=\"wp-block-image size-medium\"><img loading=\"lazy\" width=\"300\" height=\"224\" class=\"wp-image-139\" src=\"http:\/\/bueker-consulting.com\/de\/wp-content\/uploads\/sites\/2\/2021\/05\/innovation-5161494_1920-300x224.jpg\" alt=\"Zukunft gestalten, Innovation\" srcset=\"https:\/\/bueker-consulting.com\/de\/wp-content\/uploads\/sites\/2\/2021\/05\/innovation-5161494_1920-300x224.jpg 300w, https:\/\/bueker-consulting.com\/de\/wp-content\/uploads\/sites\/2\/2021\/05\/innovation-5161494_1920-1024x766.jpg 1024w, https:\/\/bueker-consulting.com\/de\/wp-content\/uploads\/sites\/2\/2021\/05\/innovation-5161494_1920-768x574.jpg 768w, https:\/\/bueker-consulting.com\/de\/wp-content\/uploads\/sites\/2\/2021\/05\/innovation-5161494_1920-1536x1149.jpg 1536w, https:\/\/bueker-consulting.com\/de\/wp-content\/uploads\/sites\/2\/2021\/05\/innovation-5161494_1920-24x18.jpg 24w, https:\/\/bueker-consulting.com\/de\/wp-content\/uploads\/sites\/2\/2021\/05\/innovation-5161494_1920-36x27.jpg 36w, https:\/\/bueker-consulting.com\/de\/wp-content\/uploads\/sites\/2\/2021\/05\/innovation-5161494_1920-48x36.jpg 48w, https:\/\/bueker-consulting.com\/de\/wp-content\/uploads\/sites\/2\/2021\/05\/innovation-5161494_1920.jpg 1920w\" sizes=\"(max-width: 300px) 100vw, 300px\" \/><\/figure>\r\n\r\n\r\n\r\n<p>\r\nMit der Einf\u00fchrung und Verbesserung von Innovationsprozessen unterst\u00fctze ich Ihr Unternehmen dabei, systematisch Innovationen aus Forschung und Entwicklung f\u00fcr Ihr Produktportfolio zu identifizieren.\r\n<\/p>\r\n<\/div>\r\n<\/div>\r\n\r\n<p>\r\n<div class=\"wp-block-columns\">\r\n<div class=\"wp-block-column\">\r\n<h2>Mitarbeiter*innen weiterbilden<\/h2>\r\n\r\n\r\n\r\n<figure class=\"wp-block-image size-medium\"><img loading=\"lazy\" width=\"300\" height=\"198\" class=\"wp-image-8\" src=\"https:\/\/bueker-consulting.com\/de\/wp-content\/uploads\/sites\/2\/2021\/02\/team-4864038_1920-300x198.jpg\" alt=\"Weiterbildung, Training, k\u00fcnstliche Intelligenz, maschinelles Lernen\" srcset=\"https:\/\/bueker-consulting.com\/de\/wp-content\/uploads\/sites\/2\/2021\/02\/team-4864038_1920-300x198.jpg 300w, https:\/\/bueker-consulting.com\/de\/wp-content\/uploads\/sites\/2\/2021\/02\/team-4864038_1920-1024x677.jpg 1024w, https:\/\/bueker-consulting.com\/de\/wp-content\/uploads\/sites\/2\/2021\/02\/team-4864038_1920-768x508.jpg 768w, https:\/\/bueker-consulting.com\/de\/wp-content\/uploads\/sites\/2\/2021\/02\/team-4864038_1920-1536x1016.jpg 1536w, https:\/\/bueker-consulting.com\/de\/wp-content\/uploads\/sites\/2\/2021\/02\/team-4864038_1920-24x16.jpg 24w, https:\/\/bueker-consulting.com\/de\/wp-content\/uploads\/sites\/2\/2021\/02\/team-4864038_1920-36x24.jpg 36w, https:\/\/bueker-consulting.com\/de\/wp-content\/uploads\/sites\/2\/2021\/02\/team-4864038_1920-48x32.jpg 48w, https:\/\/bueker-consulting.com\/de\/wp-content\/uploads\/sites\/2\/2021\/02\/team-4864038_1920.jpg 1920w\" sizes=\"(max-width: 300px) 100vw, 300px\" \/><\/figure>\r\n\r\n\r\n\r\n<p>\r\nIhre Mitarbeiter*innen sollen einen \u00dcberblick \u00fcber Sensoren und Signalverarbeitung erhalten? Sie wollen verstehen, wie K\u00fcnstliche Intelligenz und Maschinelles Lernen funktionieren? Wie funktionieren Fahrerassistenzsysteme und wie sind autonom fahrende Fahrzeuge aufgebaut? Seit \u00fcber 20 Jahren lehre ich an Universit\u00e4ten zu diesen Themen. Gern kann ich Ihnen ein individuelles Weiterbildungsangebot f\u00fcr Ihre Mitarbeiter*innen vom kurzen &#8222;Crash-Kurs&#8220; bis zum mehrt\u00e4gigen Training in Pr\u00e4senz oder Online zusammenstellen.\r\n<\/p>\r\n<\/div>\r\n\r\n\r\n\r\n<div class=\"wp-block-column\">\r\n<h2><br>Innovation finanzieren<\/h2>\r\n\r\n\r\n\r\n<p>\r\nEs gibt vielf\u00e4ltige M\u00f6glichkeiten \u00fcber regionale, nationale und internationale F\u00f6rdermittel Innovationsentwicklung zu finanzieren. Ich kann Sie dabei unterst\u00fctzen die richtigen Programme f\u00fcr Ihre Aktivit\u00e4ten zu identifizieren. Bei der Abstimmung mit den Projekttr\u00e4gern und der Antragstellung kann ich Sie und Ihre Mitarbeiter*innen begleiten.\r\n<\/p>\r\n\r\n\r\n\r\n<figure class=\"wp-block-image size-medium\"><img loading=\"lazy\" width=\"300\" height=\"212\" class=\"wp-image-9\" src=\"https:\/\/bueker-consulting.com\/de\/wp-content\/uploads\/sites\/2\/2021\/02\/idea-4086855_1920-300x212.jpg\" alt=\"Innovationsfinanzierung, F\u00f6rderprojekte\" srcset=\"https:\/\/bueker-consulting.com\/de\/wp-content\/uploads\/sites\/2\/2021\/02\/idea-4086855_1920-300x212.jpg 300w, https:\/\/bueker-consulting.com\/de\/wp-content\/uploads\/sites\/2\/2021\/02\/idea-4086855_1920-1024x724.jpg 1024w, https:\/\/bueker-consulting.com\/de\/wp-content\/uploads\/sites\/2\/2021\/02\/idea-4086855_1920-768x543.jpg 768w, https:\/\/bueker-consulting.com\/de\/wp-content\/uploads\/sites\/2\/2021\/02\/idea-4086855_1920-1536x1086.jpg 1536w, https:\/\/bueker-consulting.com\/de\/wp-content\/uploads\/sites\/2\/2021\/02\/idea-4086855_1920-24x17.jpg 24w, https:\/\/bueker-consulting.com\/de\/wp-content\/uploads\/sites\/2\/2021\/02\/idea-4086855_1920-36x25.jpg 36w, https:\/\/bueker-consulting.com\/de\/wp-content\/uploads\/sites\/2\/2021\/02\/idea-4086855_1920-48x34.jpg 48w, https:\/\/bueker-consulting.com\/de\/wp-content\/uploads\/sites\/2\/2021\/02\/idea-4086855_1920.jpg 1920w\" sizes=\"(max-width: 300px) 100vw, 300px\" \/><\/figure>\r\n<\/div>\r\n<\/div>\r\n","protected":false},"excerpt":{"rendered":"<p>Technologien und Funktionen f\u00fcr den Automobilmarkt Autonomes Fahren ist einer der bedeutendsten Trends in der Automobilindustrie, der auch viele andere Bereiche im Fahrzeug bis hin zu Mobilit\u00e4tskonzepten ver\u00e4ndern wird. W\u00e4hrend meiner T\u00e4tigkeit in der Automobilindustrie habe ich verschiedene Funktionen f\u00fcr die Fahrerassistenz bis hin zu autonom fahrenden Fahrzeugen mit meinen Teams entwickelt. Ich kann Sie<br \/><a class=\"btn btn-theme post-btn\" href=\"https:\/\/bueker-consulting.com\/de\/\">Weiterlesen<\/a><\/p>\n","protected":false},"author":1,"featured_media":0,"parent":0,"menu_order":0,"comment_status":"closed","ping_status":"closed","template":"","meta":[],"_links":{"self":[{"href":"https:\/\/bueker-consulting.com\/de\/wp-json\/wp\/v2\/pages\/6"}],"collection":[{"href":"https:\/\/bueker-consulting.com\/de\/wp-json\/wp\/v2\/pages"}],"about":[{"href":"https:\/\/bueker-consulting.com\/de\/wp-json\/wp\/v2\/types\/page"}],"author":[{"embeddable":true,"href":"https:\/\/bueker-consulting.com\/de\/wp-json\/wp\/v2\/users\/1"}],"replies":[{"embeddable":true,"href":"https:\/\/bueker-consulting.com\/de\/wp-json\/wp\/v2\/comments?post=6"}],"version-history":[{"count":10,"href":"https:\/\/bueker-consulting.com\/de\/wp-json\/wp\/v2\/pages\/6\/revisions"}],"predecessor-version":[{"id":181,"href":"https:\/\/bueker-consulting.com\/de\/wp-json\/wp\/v2\/pages\/6\/revisions\/181"}],"wp:attachment":[{"href":"https:\/\/bueker-consulting.com\/de\/wp-json\/wp\/v2\/media?parent=6"}],"curies":[{"name":"wp","href":"https:\/\/api.w.org\/{rel}","templated":true}]}}